{"id":3,"date":"2024-05-27T11:00:29","date_gmt":"2024-05-27T09:00:29","guid":{"rendered":"https:\/\/tedlodges-capbreton.com\/?page_id=3"},"modified":"2024-06-25T00:47:46","modified_gmt":"2024-06-24T22:47:46","slug":"politica-de-confidencialidad","status":"publish","type":"page","link":"https:\/\/tedlodges-capbreton.com\/es\/politica-de-confidencialidad\/","title":{"rendered":"pol\u00edtica de privacidad"},"content":{"rendered":"<h2 class=\"wp-block-heading\">Qui\u00e9nes somos ?<\/h2>\r\n\r\n\r\n<p><strong class=\"privacy-policy-tutorial\">Texto sugerido: <\/span>La direcci\u00f3n de nuestro sitio es: https:\/\/tedlodges-capbreton.com.<\/p>\r\n\r\n\r\n<h2 class=\"wp-block-heading\">Comentarios<\/h2>\r\n\r\n\r\n<p><strong class=\"privacy-policy-tutorial\">Texto sugerido: <\/span>Cuando deja un comentario en nuestro sitio, los datos ingresados en el formulario de comentarios, as\u00ed como su direcci\u00f3n IP y el agente de usuario de su navegador, se recopilan para ayudarnos a detectar comentarios no deseados.<\/p>\r\n\r\n\r\n<p>Se puede enviar una cadena an\u00f3nima creada a partir de su direcci\u00f3n de correo electr\u00f3nico (tambi\u00e9n llamada hash) al servicio Gravatar para verificar si la est\u00e1 utilizando. Las disposiciones de confidencialidad del servicio Gravatar est\u00e1n disponibles aqu\u00ed: https:\/\/automattic.com\/privacy\/. Despu\u00e9s de la validaci\u00f3n de tu comentario, tu foto de perfil ser\u00e1 visible p\u00fablicamente junto a tu comentario.<\/p>\r\n\r\n\r\n<h2 class=\"wp-block-heading\">Medios de comunicaci\u00f3n<\/h2>\r\n\r\n\r\n<p><strong class=\"privacy-policy-tutorial\">Texto sugerido: <\/span>Si carga im\u00e1genes en el Sitio, le recomendamos que evite cargar im\u00e1genes que contengan datos de coordenadas GPS EXIF. Las personas que visitan su sitio pueden descargar y extraer datos de ubicaci\u00f3n de estas im\u00e1genes.<\/p>\r\n\r\n\r\n<h2 class=\"wp-block-heading\">Galletas<\/h2>\r\n\r\n\r\n<p><strong class=\"privacy-policy-tutorial\">Texto sugerido: <\/span>Si deja un comentario en nuestro sitio, es posible que se le solicite que guarde su nombre, direcci\u00f3n de correo electr\u00f3nico y sitio web en cookies. Esto es s\u00f3lo para tu comodidad para que no tengas que completar esta informaci\u00f3n si dejas otro comentario m\u00e1s tarde. Estas cookies caducan al cabo de un a\u00f1o.<\/p>\r\n\r\n\r\n<p>Si va a la p\u00e1gina de inicio de sesi\u00f3n, se crear\u00e1 una cookie temporal para determinar si su navegador acepta cookies. No contiene datos personales y se eliminar\u00e1 autom\u00e1ticamente al cerrar su navegador.<\/p>\r\n\r\n\r\n<p>Cuando inicie sesi\u00f3n, configuraremos una serie de cookies para guardar su informaci\u00f3n de inicio de sesi\u00f3n y sus preferencias de pantalla. La vida \u00fatil de una cookie de conexi\u00f3n es de dos d\u00edas, la de una cookie de opci\u00f3n de pantalla es de un a\u00f1o. Si marca &quot;Recordarme&quot;, su cookie de inicio de sesi\u00f3n se conservar\u00e1 durante dos semanas. Si cierra sesi\u00f3n en su cuenta, la cookie de inicio de sesi\u00f3n se eliminar\u00e1.<\/p>\r\n\r\n\r\n<p>Al editar o publicar una publicaci\u00f3n, se almacenar\u00e1 una cookie adicional en su navegador. Esta cookie no incluye ning\u00fan dato personal. Simplemente muestra el ID de la publicaci\u00f3n que acabas de editar. Caduca al cabo de un d\u00eda.<\/p>\r\n\r\n\r\n<h2 class=\"wp-block-heading\">Contenido incrustado de otros sitios<\/h2>\r\n\r\n\r\n<p><strong class=\"privacy-policy-tutorial\">Texto sugerido: <\/span>Los art\u00edculos de este sitio pueden incluir contenido incrustado (por ejemplo, v\u00eddeos, im\u00e1genes, art\u00edculos, etc.). El contenido incrustado de otros sitios se comporta igual que si el visitante visitara ese otro sitio.<\/p>\r\n\r\n\r\n<p>Estos sitios web podr\u00edan recopilar datos sobre usted, utilizar cookies, incorporar herramientas de seguimiento de terceros y realizar un seguimiento de sus interacciones con este contenido integrado si tiene una cuenta conectada a su sitio web.<\/p>\r\n\r\n\r\n<h2 class=\"wp-block-heading\">Uso y transmisi\u00f3n de sus datos personales<\/h2>\r\n\r\n\r\n<p><strong class=\"privacy-policy-tutorial\">Texto sugerido: <\/span>Si solicita un restablecimiento de contrase\u00f1a, su direcci\u00f3n IP se incluir\u00e1 en el correo electr\u00f3nico de restablecimiento.<\/p>\r\n\r\n\r\n<h2 class=\"wp-block-heading\">Tiempos de almacenamiento de sus datos<\/h2>\r\n\r\n\r\n<p><strong class=\"privacy-policy-tutorial\">Texto sugerido: <\/span>Si deja un comentario, el comentario y sus metadatos se conservan indefinidamente. Esto permite que los comentarios posteriores sean reconocidos y aprobados autom\u00e1ticamente en lugar de dejarlos en la cola de moderaci\u00f3n.<\/p>\r\n\r\n\r\n<p>Para las cuentas que se registran en nuestro sitio (si corresponde), tambi\u00e9n almacenamos los datos personales indicados en su perfil. Todas las cuentas pueden ver, editar o eliminar su informaci\u00f3n personal en cualquier momento (excepto su nombre de usuario). Los administradores del sitio tambi\u00e9n pueden ver y modificar esta informaci\u00f3n.<\/p>\r\n\r\n\r\n<h2 class=\"wp-block-heading\">Los derechos que tienes sobre tus datos<\/h2>\r\n\r\n\r\n<p><strong class=\"privacy-policy-tutorial\">Texto sugerido: <\/span>Si tiene una cuenta o ha dejado comentarios en el sitio, puede solicitar recibir un archivo que contenga todos los datos personales que tenemos sobre usted, incluidos los que nos ha proporcionado. Tambi\u00e9n puede solicitar la eliminaci\u00f3n de los datos personales que le conciernen. Esto no tiene en cuenta los datos almacenados con fines administrativos, legales o de seguridad.<\/p>\r\n\r\n\r\n<h2 class=\"wp-block-heading\">D\u00f3nde se env\u00edan tus datos<\/h2>\r\n\r\n\r\n<p><strong class=\"privacy-policy-tutorial\">Texto sugerido: <\/span>Los comentarios de los visitantes pueden comprobarse mediante un servicio automatizado de detecci\u00f3n de comentarios no deseados.<\/p>","protected":false},"excerpt":{"rendered":"<p>Qui sommes-nous\u00a0? Texte sugg\u00e9r\u00e9\u00a0: L\u2019adresse de notre site est\u00a0: https:\/\/tedlodges-capbreton.com. Commentaires Texte sugg\u00e9r\u00e9\u00a0: Quand vous laissez un commentaire sur notre site, les donn\u00e9es inscrites dans le formulaire de commentaire, ainsi que votre adresse IP et l\u2019agent utilisateur de votre navigateur sont collect\u00e9s pour nous aider \u00e0 la d\u00e9tection des commentaires ind\u00e9sirables. Une cha\u00eene anonymis\u00e9e cr\u00e9\u00e9e [&#8230;]\n","protected":false},"author":1,"featured_media":0,"parent":0,"menu_order":0,"comment_status":"closed","ping_status":"open","template":"","meta":{"footnotes":""},"class_list":["post-3","page","type-page","status-publish","hentry"],"yoast_head":"<!-- This site is optimized with the Yoast SEO plugin v27.4 - https:\/\/yoast.com\/product\/yoast-seo-wordpress\/ -->\n<title>Politique de confidentialit\u00e9 Ted&#039;s Lodge<\/title>\n<meta name=\"description\" content=\"Consultez la politique de confidentialit\u00e9 de Ted&#039;s Lodge, location d&#039;appartements et villa \u00e0 Capbreton en bord de plage\" \/>\n<meta name=\"robots\" content=\"index, follow, max-snippet:-1, max-image-preview:large, max-video-preview:-1\" \/>\n<link rel=\"canonical\" href=\"https:\/\/tedlodges-capbreton.com\/es\/politica-de-confidencialidad\/\" \/>\n<meta property=\"og:locale\" content=\"es_ES\" \/>\n<meta property=\"og:type\" content=\"article\" \/>\n<meta property=\"og:title\" content=\"Politique de confidentialit\u00e9 Ted&#039;s Lodge\" \/>\n<meta property=\"og:description\" content=\"Consultez la politique de confidentialit\u00e9 de Ted&#039;s Lodge, location d&#039;appartements et villa \u00e0 Capbreton en bord de plage\" \/>\n<meta property=\"og:url\" content=\"https:\/\/tedlodges-capbreton.com\/es\/politica-de-confidencialidad\/\" \/>\n<meta property=\"og:site_name\" content=\"Ted&#039;s Lodges\" \/>\n<meta property=\"article:publisher\" content=\"https:\/\/fr-fr.facebook.com\/tedsurfschool\" \/>\n<meta property=\"article:modified_time\" content=\"2024-06-24T22:47:46+00:00\" \/>\n<meta property=\"og:image\" content=\"https:\/\/tedlodges-capbreton.com\/wp-content\/uploads\/2025\/04\/Ted-Lodges-Favicon.png\" \/>\n\t<meta property=\"og:image:width\" content=\"512\" \/>\n\t<meta property=\"og:image:height\" content=\"512\" \/>\n\t<meta property=\"og:image:type\" content=\"image\/png\" \/>\n<meta name=\"twitter:card\" content=\"summary_large_image\" \/>\n<meta name=\"twitter:label1\" content=\"Tiempo de lectura\" \/>\n\t<meta name=\"twitter:data1\" content=\"4 minutos\" \/>\n<!-- \/ Yoast SEO plugin. -->","yoast_head_json":{"title":"Pol\u00edtica de privacidad de Ted's Lodge","description":"Consulte la pol\u00edtica de confidencialidad de Ted's Lodge, alquiler de pisos y chalets en Capbreton junto a la playa","robots":{"index":"index","follow":"follow","max-snippet":"max-snippet:-1","max-image-preview":"max-image-preview:large","max-video-preview":"max-video-preview:-1"},"canonical":"https:\/\/tedlodges-capbreton.com\/es\/politica-de-confidencialidad\/","og_locale":"es_ES","og_type":"article","og_title":"Politique de confidentialit\u00e9 Ted's Lodge","og_description":"Consultez la politique de confidentialit\u00e9 de Ted's Lodge, location d'appartements et villa \u00e0 Capbreton en bord de plage","og_url":"https:\/\/tedlodges-capbreton.com\/es\/politica-de-confidencialidad\/","og_site_name":"Ted&#039;s Lodges","article_publisher":"https:\/\/fr-fr.facebook.com\/tedsurfschool","article_modified_time":"2024-06-24T22:47:46+00:00","og_image":[{"width":512,"height":512,"url":"https:\/\/tedlodges-capbreton.com\/wp-content\/uploads\/2025\/04\/Ted-Lodges-Favicon.png","type":"image\/png"}],"twitter_card":"summary_large_image","twitter_misc":{"Tiempo de lectura":"4 minutos"},"schema":{"@context":"https:\/\/schema.org","@graph":[{"@type":"WebPage","@id":"https:\/\/tedlodges-capbreton.com\/politique-de-confidentialite\/","url":"https:\/\/tedlodges-capbreton.com\/politique-de-confidentialite\/","name":"Pol\u00edtica de privacidad de Ted's Lodge","isPartOf":{"@id":"https:\/\/tedlodges-capbreton.com\/#website"},"datePublished":"2024-05-27T09:00:29+00:00","dateModified":"2024-06-24T22:47:46+00:00","description":"Consulte la pol\u00edtica de confidencialidad de Ted's Lodge, alquiler de pisos y chalets en Capbreton junto a la playa","breadcrumb":{"@id":"https:\/\/tedlodges-capbreton.com\/politique-de-confidentialite\/#breadcrumb"},"inLanguage":"es","potentialAction":[{"@type":"ReadAction","target":["https:\/\/tedlodges-capbreton.com\/politique-de-confidentialite\/"]}]},{"@type":"BreadcrumbList","@id":"https:\/\/tedlodges-capbreton.com\/politique-de-confidentialite\/#breadcrumb","itemListElement":[{"@type":"ListItem","position":1,"name":"Accueil","item":"https:\/\/tedlodges-capbreton.com\/"},{"@type":"ListItem","position":2,"name":"Politique de confidentialit\u00e9"}]},{"@type":"WebSite","@id":"https:\/\/tedlodges-capbreton.com\/#website","url":"https:\/\/tedlodges-capbreton.com\/","name":"Ted's Lodges - Locations de vacances \u00e0 Capbreton","description":"Locations de vacances \u00e0 Capbreton dans les Landes : villa &amp; appartements","publisher":{"@id":"https:\/\/tedlodges-capbreton.com\/#organization"},"alternateName":"Ted's Lodges Capbreton","potentialAction":[{"@type":"SearchAction","target":{"@type":"EntryPoint","urlTemplate":"https:\/\/tedlodges-capbreton.com\/?s={search_term_string}"},"query-input":{"@type":"PropertyValueSpecification","valueRequired":true,"valueName":"search_term_string"}}],"inLanguage":"es"},{"@type":"Organization","@id":"https:\/\/tedlodges-capbreton.com\/#organization","name":"Ted's Lodges - Locations de vacances \u00e0 Capbreton","alternateName":"Ted's Lodges Capbreton","url":"https:\/\/tedlodges-capbreton.com\/","logo":{"@type":"ImageObject","inLanguage":"es","@id":"https:\/\/tedlodges-capbreton.com\/#\/schema\/logo\/image\/","url":"https:\/\/tedlodges-capbreton.com\/wp-content\/uploads\/2025\/05\/Ted-Lodges-logo-schema.jpg","contentUrl":"https:\/\/tedlodges-capbreton.com\/wp-content\/uploads\/2025\/05\/Ted-Lodges-logo-schema.jpg","width":500,"height":500,"caption":"Ted's Lodges - Locations de vacances \u00e0 Capbreton"},"image":{"@id":"https:\/\/tedlodges-capbreton.com\/#\/schema\/logo\/image\/"},"sameAs":["https:\/\/fr-fr.facebook.com\/tedsurfschool","https:\/\/www.instagram.com\/tedsurfschool\/","https:\/\/www.youtube.com\/channel\/UCM76UhidKzWXJw8KRd7Fs7w"]}]}},"_links":{"self":[{"href":"https:\/\/tedlodges-capbreton.com\/es\/wp-json\/wp\/v2\/pages\/3","targetHints":{"allow":["GET"]}}],"collection":[{"href":"https:\/\/tedlodges-capbreton.com\/es\/wp-json\/wp\/v2\/pages"}],"about":[{"href":"https:\/\/tedlodges-capbreton.com\/es\/wp-json\/wp\/v2\/types\/page"}],"author":[{"embeddable":true,"href":"https:\/\/tedlodges-capbreton.com\/es\/wp-json\/wp\/v2\/users\/1"}],"replies":[{"embeddable":true,"href":"https:\/\/tedlodges-capbreton.com\/es\/wp-json\/wp\/v2\/comments?post=3"}],"version-history":[{"count":0,"href":"https:\/\/tedlodges-capbreton.com\/es\/wp-json\/wp\/v2\/pages\/3\/revisions"}],"wp:attachment":[{"href":"https:\/\/tedlodges-capbreton.com\/es\/wp-json\/wp\/v2\/media?parent=3"}],"curies":[{"name":"wp","href":"https:\/\/api.w.org\/{rel}","templated":true}]}}