{"id":3,"date":"2024-05-27T11:00:29","date_gmt":"2024-05-27T09:00:29","guid":{"rendered":"https:\/\/tedlodges-capbreton.com\/?page_id=3"},"modified":"2024-06-25T00:47:46","modified_gmt":"2024-06-24T22:47:46","slug":"privacy-policy","status":"publish","type":"page","link":"https:\/\/tedlodges-capbreton.com\/en\/privacy-policy\/","title":{"rendered":"Privacy Policy"},"content":{"rendered":"<h2 class=\"wp-block-heading\">Who are we ?<\/h2>\r\n\r\n\r\n<p><strong class=\"privacy-policy-tutorial\">Suggested text: <\/span>Our site address is: https:\/\/tedlodges-capbreton.com.<\/p>\r\n\r\n\r\n<h2 class=\"wp-block-heading\">Comments<\/h2>\r\n\r\n\r\n<p><strong class=\"privacy-policy-tutorial\">Suggested text: <\/span>When you leave a comment on our site, the data entered in the comment form, as well as your IP address and the user agent of your browser are collected to help us detect unwanted comments.<\/p>\r\n\r\n\r\n<p>An anonymized string created from your email address (also called a hash) may be sent to the Gravatar service to check whether you are using it. The confidentiality provisions of the Gravatar service are available here: https:\/\/automattic.com\/privacy\/. After validation of your comment, your profile photo will be publicly visible next to your comment.<\/p>\r\n\r\n\r\n<h2 class=\"wp-block-heading\">Media<\/h2>\r\n\r\n\r\n<p><strong class=\"privacy-policy-tutorial\">Suggested text: <\/span>If you upload images to the Site, we advise you to avoid uploading images that contain EXIF GPS coordinate data. People visiting your site can download and extract location data from these images.<\/p>\r\n\r\n\r\n<h2 class=\"wp-block-heading\">Cookies<\/h2>\r\n\r\n\r\n<p><strong class=\"privacy-policy-tutorial\">Suggested text: <\/span>If you leave a comment on our site, you may be asked to save your name, email address and website in cookies. This is only for your convenience so that you do not have to fill in this information if you leave another comment later. These cookies expire after one year.<\/p>\r\n\r\n\r\n<p>If you go to the login page, a temporary cookie will be created to determine whether your browser accepts cookies. It does not contain personal data and will be deleted automatically when you close your browser.<\/p>\r\n\r\n\r\n<p>When you log in, we will set a number of cookies to save your login information and screen preferences. The lifespan of a connection cookie is two days, that of a screen option cookie is one year. If you check \u201cRemember me\u201d, your login cookie will be retained for two weeks. If you log out of your account, the login cookie will be deleted.<\/p>\r\n\r\n\r\n<p>By editing or publishing a post, an additional cookie will be stored in your browser. This cookie does not include any personal data. It simply shows the ID of the post you just edited. It expires after one day.<\/p>\r\n\r\n\r\n<h2 class=\"wp-block-heading\">Content embedded from other sites<\/h2>\r\n\r\n\r\n<p><strong class=\"privacy-policy-tutorial\">Suggested text: <\/span>Articles on this site may include embedded content (e.g. videos, images, articles, etc.). Content embedded from other sites behaves the same as if the visitor went to that other site.<\/p>\r\n\r\n\r\n<p>These websites could collect data about you, use cookies, embed third-party tracking tools, track your interactions with this embedded content if you have an account connected to their website.<\/p>\r\n\r\n\r\n<h2 class=\"wp-block-heading\">Use and transmission of your personal data<\/h2>\r\n\r\n\r\n<p><strong class=\"privacy-policy-tutorial\">Suggested text: <\/span>If you request a password reset, your IP address will be included in the reset email.<\/p>\r\n\r\n\r\n<h2 class=\"wp-block-heading\">Storage times for your data<\/h2>\r\n\r\n\r\n<p><strong class=\"privacy-policy-tutorial\">Suggested text: <\/span>If you leave a comment, the comment and its metadata are retained indefinitely. This allows subsequent comments to be automatically recognized and approved instead of leaving them in the moderation queue.<\/p>\r\n\r\n\r\n<p>For accounts that register on our site (if applicable), we also store the personal data indicated in their profile. All accounts can view, edit or delete their personal information at any time (except their username). Site managers can also view and modify this information.<\/p>\r\n\r\n\r\n<h2 class=\"wp-block-heading\">The rights you have over your data<\/h2>\r\n\r\n\r\n<p><strong class=\"privacy-policy-tutorial\">Suggested text: <\/span>If you have an account or have left comments on the site, you can request to receive a file containing all the personal data we have about you, including that you have provided to us. You can also request the deletion of personal data concerning you. This does not take into account data stored for administrative, legal or security purposes.<\/p>\r\n\r\n\r\n<h2 class=\"wp-block-heading\">Where your data is sent<\/h2>\r\n\r\n\r\n<p><strong class=\"privacy-policy-tutorial\">Suggested text: <\/span>Visitor comments may be checked using an automated spam comment detection service.<\/p>","protected":false},"excerpt":{"rendered":"<p>Qui sommes-nous\u00a0? Texte sugg\u00e9r\u00e9\u00a0: L\u2019adresse de notre site est\u00a0: https:\/\/tedlodges-capbreton.com. Commentaires Texte sugg\u00e9r\u00e9\u00a0: Quand vous laissez un commentaire sur notre site, les donn\u00e9es inscrites dans le formulaire de commentaire, ainsi que votre adresse IP et l\u2019agent utilisateur de votre navigateur sont collect\u00e9s pour nous aider \u00e0 la d\u00e9tection des commentaires ind\u00e9sirables. Une cha\u00eene anonymis\u00e9e cr\u00e9\u00e9e [&#8230;]\n","protected":false},"author":1,"featured_media":0,"parent":0,"menu_order":0,"comment_status":"closed","ping_status":"open","template":"","meta":{"footnotes":""},"class_list":["post-3","page","type-page","status-publish","hentry"],"yoast_head":"<!-- This site is optimized with the Yoast SEO plugin v27.4 - https:\/\/yoast.com\/product\/yoast-seo-wordpress\/ -->\n<title>Politique de confidentialit\u00e9 Ted&#039;s Lodge<\/title>\n<meta name=\"description\" content=\"Consultez la politique de confidentialit\u00e9 de Ted&#039;s Lodge, location d&#039;appartements et villa \u00e0 Capbreton en bord de plage\" \/>\n<meta name=\"robots\" content=\"index, follow, max-snippet:-1, max-image-preview:large, max-video-preview:-1\" \/>\n<link rel=\"canonical\" href=\"https:\/\/tedlodges-capbreton.com\/en\/privacy-policy\/\" \/>\n<meta property=\"og:locale\" content=\"en_GB\" \/>\n<meta property=\"og:type\" content=\"article\" \/>\n<meta property=\"og:title\" content=\"Politique de confidentialit\u00e9 Ted&#039;s Lodge\" \/>\n<meta property=\"og:description\" content=\"Consultez la politique de confidentialit\u00e9 de Ted&#039;s Lodge, location d&#039;appartements et villa \u00e0 Capbreton en bord de plage\" \/>\n<meta property=\"og:url\" content=\"https:\/\/tedlodges-capbreton.com\/en\/privacy-policy\/\" \/>\n<meta property=\"og:site_name\" content=\"Ted&#039;s Lodges\" \/>\n<meta property=\"article:publisher\" content=\"https:\/\/fr-fr.facebook.com\/tedsurfschool\" \/>\n<meta property=\"article:modified_time\" content=\"2024-06-24T22:47:46+00:00\" \/>\n<meta property=\"og:image\" content=\"https:\/\/tedlodges-capbreton.com\/wp-content\/uploads\/2025\/04\/Ted-Lodges-Favicon.png\" \/>\n\t<meta property=\"og:image:width\" content=\"512\" \/>\n\t<meta property=\"og:image:height\" content=\"512\" \/>\n\t<meta property=\"og:image:type\" content=\"image\/png\" \/>\n<meta name=\"twitter:card\" content=\"summary_large_image\" \/>\n<meta name=\"twitter:label1\" content=\"Estimated reading time\" \/>\n\t<meta name=\"twitter:data1\" content=\"4 minutes\" \/>\n<!-- \/ Yoast SEO plugin. -->","yoast_head_json":{"title":"Ted's Lodge privacy policy","description":"Consult the confidentiality policy of Ted's Lodge, flat and villa rental in Capbreton by the beach","robots":{"index":"index","follow":"follow","max-snippet":"max-snippet:-1","max-image-preview":"max-image-preview:large","max-video-preview":"max-video-preview:-1"},"canonical":"https:\/\/tedlodges-capbreton.com\/en\/privacy-policy\/","og_locale":"en_GB","og_type":"article","og_title":"Politique de confidentialit\u00e9 Ted's Lodge","og_description":"Consultez la politique de confidentialit\u00e9 de Ted's Lodge, location d'appartements et villa \u00e0 Capbreton en bord de plage","og_url":"https:\/\/tedlodges-capbreton.com\/en\/privacy-policy\/","og_site_name":"Ted&#039;s Lodges","article_publisher":"https:\/\/fr-fr.facebook.com\/tedsurfschool","article_modified_time":"2024-06-24T22:47:46+00:00","og_image":[{"width":512,"height":512,"url":"https:\/\/tedlodges-capbreton.com\/wp-content\/uploads\/2025\/04\/Ted-Lodges-Favicon.png","type":"image\/png"}],"twitter_card":"summary_large_image","twitter_misc":{"Estimated reading time":"4 minutes"},"schema":{"@context":"https:\/\/schema.org","@graph":[{"@type":"WebPage","@id":"https:\/\/tedlodges-capbreton.com\/politique-de-confidentialite\/","url":"https:\/\/tedlodges-capbreton.com\/politique-de-confidentialite\/","name":"Ted's Lodge privacy policy","isPartOf":{"@id":"https:\/\/tedlodges-capbreton.com\/#website"},"datePublished":"2024-05-27T09:00:29+00:00","dateModified":"2024-06-24T22:47:46+00:00","description":"Consult the confidentiality policy of Ted's Lodge, flat and villa rental in Capbreton by the beach","breadcrumb":{"@id":"https:\/\/tedlodges-capbreton.com\/politique-de-confidentialite\/#breadcrumb"},"inLanguage":"en-GB","potentialAction":[{"@type":"ReadAction","target":["https:\/\/tedlodges-capbreton.com\/politique-de-confidentialite\/"]}]},{"@type":"BreadcrumbList","@id":"https:\/\/tedlodges-capbreton.com\/politique-de-confidentialite\/#breadcrumb","itemListElement":[{"@type":"ListItem","position":1,"name":"Accueil","item":"https:\/\/tedlodges-capbreton.com\/"},{"@type":"ListItem","position":2,"name":"Politique de confidentialit\u00e9"}]},{"@type":"WebSite","@id":"https:\/\/tedlodges-capbreton.com\/#website","url":"https:\/\/tedlodges-capbreton.com\/","name":"Ted's Lodges - Holiday rentals in Capbreton","description":"Holiday rentals in Capbreton in the Landes : villas &amp; flats","publisher":{"@id":"https:\/\/tedlodges-capbreton.com\/#organization"},"alternateName":"Ted's Lodges Capbreton","potentialAction":[{"@type":"SearchAction","target":{"@type":"EntryPoint","urlTemplate":"https:\/\/tedlodges-capbreton.com\/?s={search_term_string}"},"query-input":{"@type":"PropertyValueSpecification","valueRequired":true,"valueName":"search_term_string"}}],"inLanguage":"en-GB"},{"@type":"Organization","@id":"https:\/\/tedlodges-capbreton.com\/#organization","name":"Ted's Lodges - Holiday rentals in Capbreton","alternateName":"Ted's Lodges Capbreton","url":"https:\/\/tedlodges-capbreton.com\/","logo":{"@type":"ImageObject","inLanguage":"en-GB","@id":"https:\/\/tedlodges-capbreton.com\/#\/schema\/logo\/image\/","url":"https:\/\/tedlodges-capbreton.com\/wp-content\/uploads\/2025\/05\/Ted-Lodges-logo-schema.jpg","contentUrl":"https:\/\/tedlodges-capbreton.com\/wp-content\/uploads\/2025\/05\/Ted-Lodges-logo-schema.jpg","width":500,"height":500,"caption":"Ted's Lodges - Locations de vacances \u00e0 Capbreton"},"image":{"@id":"https:\/\/tedlodges-capbreton.com\/#\/schema\/logo\/image\/"},"sameAs":["https:\/\/fr-fr.facebook.com\/tedsurfschool","https:\/\/www.instagram.com\/tedsurfschool\/","https:\/\/www.youtube.com\/channel\/UCM76UhidKzWXJw8KRd7Fs7w"]}]}},"_links":{"self":[{"href":"https:\/\/tedlodges-capbreton.com\/en\/wp-json\/wp\/v2\/pages\/3","targetHints":{"allow":["GET"]}}],"collection":[{"href":"https:\/\/tedlodges-capbreton.com\/en\/wp-json\/wp\/v2\/pages"}],"about":[{"href":"https:\/\/tedlodges-capbreton.com\/en\/wp-json\/wp\/v2\/types\/page"}],"author":[{"embeddable":true,"href":"https:\/\/tedlodges-capbreton.com\/en\/wp-json\/wp\/v2\/users\/1"}],"replies":[{"embeddable":true,"href":"https:\/\/tedlodges-capbreton.com\/en\/wp-json\/wp\/v2\/comments?post=3"}],"version-history":[{"count":0,"href":"https:\/\/tedlodges-capbreton.com\/en\/wp-json\/wp\/v2\/pages\/3\/revisions"}],"wp:attachment":[{"href":"https:\/\/tedlodges-capbreton.com\/en\/wp-json\/wp\/v2\/media?parent=3"}],"curies":[{"name":"wp","href":"https:\/\/api.w.org\/{rel}","templated":true}]}}